{"id":5293,"date":"2024-01-02T09:39:49","date_gmt":"2024-01-02T08:39:49","guid":{"rendered":"https:\/\/staging.ilpatriarca.it\/condizioni-duso-del-sito\/"},"modified":"2024-01-02T09:39:49","modified_gmt":"2024-01-02T08:39:49","slug":"condizioni-duso-del-sito","status":"publish","type":"page","link":"https:\/\/www.ilpatriarca.it\/en\/condizioni-duso-del-sito\/","title":{"rendered":"Condizioni d&#8217;uso del sito"},"content":{"rendered":"<p>Le presenti condizioni d\u2019uso (\u201cCondizioni d\u2019uso\u201d) disciplinano l\u2019accesso e l\u2019utilizzo del sito web https:\/\/demo.ilpatriarca.it\/ e dei relativi sotto domini (di seguito complessivamente il \u201cSito\u201d) e l\u2019accesso a tutti i materiali e le informazioni di qualsiasi genere ivi pubblicati.<\/p>\n<p>Il Sito \u00e8 di propriet\u00e0 ed \u00e8 gestito da Veneto Immobiliare S.r.l., con sede legale in Via Colombara 113 \u2013 30176 Marghera (VE), C.F. e numero di iscrizione al Registro delle Imprese di Venezia Rovigo 03276470279, P.IVA 04681350270, Capitale sociale: euro 60.976,00 i.v. (di seguito \u201cVeneto Immobiliare\u201d).<\/p>\n<p>&nbsp;<\/p>\n<ol>\n<li>\n<h4>ACCETTAZIONI DELLE CONDIZIONI D\u2019USO<\/h4>\n<p>L\u2019accesso, la navigazione del Sito nonch\u00e9 l\u2019uso dei servizi forniti da Veneto Immobiliare tramite questo Sito (\u201cServizi del sito\u201d) presuppongono la conoscenza, l\u2019accettazione e il rispetto da parte del visitatore o dell\u2019utilizzatore (l\u2019\u201cUtente\u201d) di queste Condizioni d\u2019uso e degli eventuali termini e delle condizioni aggiuntive che siano di volta in volta indicate per l\u2019accesso a determinate sezioni del Sito.<br \/>\nIn caso di mancata accettazione di tutte le suddette condizioni, l&#8217;Utente non \u00e8 autorizzato ad accedere e a utilizzare il Sito.<\/li>\n<li>\n<h4>LINK ESTERNI E\/O SERVIZI FORNITI DA SOGGETTI TERZI<\/h4>\n<p>Sul Sito potranno essere presenti collegamenti ipertestuali (link) a siti di soggetti terzi.<br \/>\nNel momento in cui l\u2019Utente accedendo a questi siti esterni lascia il Sito, Veneto Immobiliare non si assume alcuna responsabilit\u00e0 in merito ai contenuti e\/o alle informazioni fornite mediante tali link o servizi forniti da terzi.<\/li>\n<li>\n<h4>DIRITTI DI PROPRIET\u00c0 INTELLETTUALE<\/h4>\n<p>I contenuti di questo Sito quali, a titolo esemplificativo e non esaustivo, loghi, icone, fotografie, immagini, testi, filmati, audio e software od ogni materiale, in qualsiasi formato, pubblicato sul Sito sono di esclusiva propriet\u00e0 di Veneto Immobiliare o sono nella sua legittima disponibilit\u00e0, e sono tutelati dalle leggi nazionali ed internazionali in materia di propriet\u00e0 industriale e di diritto d&#8217;autore sulle opere dell\u2019ingegno e sulle banche dati.<\/p>\n<p>Il predetto materiale viene messo a disposizione attraverso il Sito, e non pu\u00f2 essere venduto e\/o ceduto e\/o altrimenti distribuito a titolo oneroso o gratuito senza l\u2019espressa autorizzazione scritta di Veneto Immobiliare.<\/p>\n<p>\u00c8 altres\u00ec vietato l\u2019utilizzo, il trasferimento, la copia, la riproduzione, la trasformazione, la pubblicazione, la distribuzione, la memorizzazione o l\u2019estrazione con qualsiasi mezzo, anche automatico, lo sfruttamento economico di parte o di tutto il contenuto di questo Sito senza l\u2019espresso consenso scritto di Veneto Immobiliare.<\/p>\n<p>L\u2019Utente non potr\u00e0 creare e\/o pubblicare un proprio database che riproduca parti sostanziali dei Servizi del sito e\/o scaricare o copiare i contenuti ed ogni altro materiale reperibile attraverso il Sito senza l\u2019espresso consenso di Veneto Immobiliare.<\/p>\n<p>Il materiale grafico, i loghi, le intestazioni di pagina, i pulsanti delle icone, messi a disposizione del Sito, il dominio ilpatriarca.it e i sottodomini sono marchi o segni distintivi di Veneto Immobiliare, e non potranno essere utilizzati dall\u2019Utente o da terzi senza espressa autorizzazione di Veneto Immobiliare.<\/li>\n<li>\n<h4>UTILIZZO DEL SITO \u2013 RESPONSABILIT\u00c0 DELL\u2019UTENTE<\/h4>\n<p>L\u2019Utente \u00e8 il solo ed esclusivo responsabile dell\u2019uso del Sito e dei Servizi del sito.<\/p>\n<p>L\u2019Utente si impegna, a titolo esemplificato e non esaustivo, a:<\/p>\n<ol type=\"a\">\n<li>non interrompere, compromettere la sicurezza o comunque fare un uso scorretto del Sito o dei Servizi del sito, risorse di sistema, account, server e reti connessi al o accessibili tramite il Sito o qualsiasi sito web associato o collegato;<\/li>\n<li>non inviare e\/o caricare contenuti che non siano ritenuti confacenti o che non siano corretti rispetto a un campo designato;<\/li>\n<li>non pubblicare, scrivere, e\/o riportare nelle sezioni dedicate del Sito contenuti e\/o testi (es. recensioni, commenti) che, a titolo esemplificativo e non esaustiv: <em>i<\/em>) non siano veritieri, <em>ii<\/em>) siano parziali, ingannevoli, e\/o fuorvianti, <em>iii<\/em>) non attengano ai servizi usufruiti dall\u2019Utente, <em>iv<\/em>) incitino all\u2019odio e\/o alla violenza, <em>v<\/em>) siano osceni, offensivi; <em>vi<\/em>) abbiano natura pubblicitaria e\/o commerciale;<\/li>\n<li>non inviare e\/o caricare contenuti che possano violare e\/o ledere i diritti di Veneto Immobiliare e\/o di terzi, compresi a titolo esemplificativo e non esaustivo, il diritto di propriet\u00e0 intellettuale e industriale;<\/li>\n<li>non divulgare le informazioni che non ha il diritto di divulgare;<\/li>\n<li>non utilizzare gli strumenti e i Servizi del sito messi a disposizione da Veneto Immobiliare per finalit\u00e0 illecite.<\/li>\n<\/ol>\n<p>Veneto Immobiliare, a propria discrezione, si riserva di verificare e approvare i contenuti e\/o testi pubblicati dall\u2019Utente sul Sito e di eventualmente non pubblicare e\/o eliminare, anche in un secondo momento, i contenuti e\/o testi che non siano conformi alla presenti Condizioni d\u2019uso, nonch\u00e9 di sospendere temporaneamente, bloccare o interrompere definitivamente il Sito e\/o i Servizi del sito, anche senza previa comunicazione all\u2019Utente, nel caso in cui venissero riscontrate violazioni delle presenti Condizioni d\u2019uso.<\/p>\n<p>L\u2019Utente accetta di tenere indenne Veneto Immobiliare e a sollevarla da qualsiasi responsabilit\u00e0 per danni, oneri, costi, sanzioni e spese di qualunque natura derivati dall\u2019utilizzo del Sito e dei Servizi del sito, dalla pubblicazione o trasmissione di qualsiasi messaggio, informazione, materiale o altri contenuti pubblicati sul Sito o da qualsiasi violazione delle presenti Condizioni generali d\u2019uso da parte dell\u2019Utente.<\/li>\n<li>\n<h4>ESCLUSIONE DI RESPONSABILIT\u00c0<\/h4>\n<p>Nella misura consentita dalla legge, Veneto Immobiliare e ogni altro soggetto coinvolto nella creazione, produzione e messa a punto di questo Sito e dei Servizi del sito (a) non si assumono alcuna responsabilit\u00e0 per gli eventuali danni, diretti e\/o indiretti, che si potranno verificare in occasione e\/o in conseguenza dell\u2019accesso e uso di questo Sito, (b) non riconoscono alcuna garanzia e assicurazione implicita circa la completezza, adeguatezza, aggiornamento, affidabilit\u00e0 o altro del contenuto del Sito, (c) non garantiscono che i servizi funzioneranno senza interruzioni o errori, (d) forniscono i servizi e le informazioni \u201ccos\u00ec come sono\u201d.<\/p>\n<p>Inoltre, Veneto Immobiliare non pu\u00f2 in alcun modo ritenersi responsabile per i danni (tra i quali, a titolo esemplificativo e non esaustivo, le infezioni da virus informatici etc.) che dovessero patire le apparecchiature, i programmi informatici o altri materiali di propriet\u00e0 dell\u2019Utente a causa dell\u2019uso, proprio o improprio, o dell\u2019accesso a questo Sito e\/o al suo contenuto ivi compreso a titolo esemplificativo testi, elementi grafici, filmati.<\/p>\n<p>Nessuna responsabilit\u00e0 potr\u00e0 essere, inoltre, imputata a Veneto Immobiliare per qualsiasi ritardo o inadempimento agli obblighi previsti dalle presenti Condizioni d\u2019uso qualora il ritardo o l&#8217;inadempimento derivino da caso fortuito o da cause di forza maggiore (es. interruzione del servizio di internet).<\/p>\n<p>L\u2019utilizzo del Sito e dei Servizi del sito \u00e8 a esclusiva responsabilit\u00e0 dell\u2019Utente, e Veneto Immobiliare non potr\u00e0 essere considerata responsabile dell\u2019uso non conforme alle norme di legge vigenti e\/o alle presenti Condizioni d\u2019uso da parte dell\u2019Utente.<\/li>\n<li>\n<h4>TRATTAMENTO DEI DATI PERSONALI &#8211; PRIVACY<\/h4>\n<p>Il trattamento dei dati personali dell\u2019Utente \u00e8 disciplinato dall\u2019informativa privacy disponibile al seguente <a href=\"https:\/\/www.ilpatriarca.it\/en\/privacy-policy\/\"><u>link<\/u><\/a> che costituisce parte integrante delle presenti Condizioni d\u2019uso.<\/p>\n<p>Per maggiori informazioni sui cookie utilizzati sul Sito, invitiamo a prendere visione della Cookie Policy disponibile al seguente <a href=\"https:\/\/www.ilpatriarca.it\/cookies-policy\/\"><u>link<\/u><\/a>.<\/li>\n<li>\n<h4>VALIDIT\u00c0 DELLE CLAUSOLE<\/h4>\n<p>Ciascuna clausola delle presenti Condizioni d\u2019uso \u00e8 disciplinata indipendentemente dalle altre.<\/p>\n<p>Nel caso in cui una clausola venga annullata o invalidata, le restanti clausole dovranno ritenersi valide e attuabili.<\/li>\n<li>\n<h4>RINUNCE<\/h4>\n<p>Nel caso in cui Veneto Immobiliare ritardi nell\u2019esercizio, ovvero ometta di esercitare, uno qualsiasi dei diritti riconosciuti dalle presenti Condizioni d\u2019uso, detto ritardo e\/o omissione non comporta alcuna rinuncia da parte di Veneto Immobiliare all\u2019esercizio n\u00e9 alla facolt\u00e0 di avvalersi di tali diritti in casi futuri.<\/li>\n<li>\n<h4>LEGGE APPLICABILE E GIURISIDIZIONE<\/h4>\n<p>Le presenti Condizioni d\u2019uso sono regolate dalla normativa italiana, per quanto ivi non previsto, si rinvia alle norme del codice civile e, ove applicabile, del d.lgs. 206\/2005 che regolano la materia.<\/p>\n<p>Al fine di evitare l\u2019insorgere di controversie giudiziali in merito all\u2019utilizzo del Sito e\/o dei servizi messi a disposizione attraverso il Sito, l\u2019Utente si impegna a comunicare con tempestivit\u00e0 gli eventuali motivi di doglianza a Veneto Immobiliare.<\/p>\n<p>Le Parti concordano che qualsiasi controversia, sorta da o in relazione alle presenti Condizioni d\u2019uso tra Veneto Immobiliare e l\u2019Utente per la quale non si giungesse a una bonaria soluzione, sar\u00e0 di competenza esclusiva del Foro di Venezia.<\/p>\n<p>Tuttavia, in caso di persona fisica che agisce per scopi estranei all\u2019attivit\u00e0 imprenditoriale o professionale, trover\u00e0 applicazione il Foro previsto dall\u2019art. 66-<em>bis<\/em> del d.lgs. 206\/2005.<br \/>\nIn caso di persona fisica che agisce per scopi estranei all\u2019attivit\u00e0 imprenditoriale o professionale, si informa che la Commissione Europea fornisce una piattaforma per la risoluzione alternativa extra-giudiziale delle controversie, accessibile sul sito <a href=\"http:\/\/ec.europa.eu\/consumers\/odr\">http:\/\/ec.europa.eu\/consumers\/odr<\/a>.<\/li>\n<li>\n<h4>MODIFICA\/AGGIORNAMENTO DELLE CONDIZIONI D\u2019USO<\/h4>\n<p>Le presenti Condizioni d\u2019uso potranno essere modificate e\/o aggiornate da Veneto Immobiliare, in tutto o in parte, in qualsiasi momento.<\/p>\n<p>Veneto Immobiliare provveder\u00e0 a dare tempestivo avviso di tali modifiche mediante i propri canali, e le Condizioni d\u2019Uso cos\u00ec come modificate saranno applicabili dal momento della loro pubblicazione.<\/p>\n<p>L\u2019utilizzo del Sito da parte dell\u2019Utente dopo qualsiasi modifica debitamente segnalata implica l&#8217;accettazione delle Condizioni d\u2019uso modificate da parte dell\u2019Utente stesso.<\/p>\n<p>La data di modifica pi\u00f9 recente \u00e8 riportata in calce al presente documento accanto a &#8220;Ultimo aggiornamento&#8221;.<\/li>\n<li>\n<h4>LINGUA<\/h4>\n<p>Qualunque traduzione di questo documento in lingua diversa dall\u2019italiano \u00e8 fornita a solo scopo informativo.<\/p>\n<p>In caso di discrepanze, l\u2019unica versione legalmente valida e vincolante che regola l\u2019utilizzo del Sito \u00e8 la versione italiana di questo documento.<\/li>\n<\/ol>\n<p>&nbsp;<\/p>\n<p>Ultimo aggiornamento: 12 Febbraio 2024<\/p>\n","protected":false},"excerpt":{"rendered":"<p>Le presenti condizioni d\u2019uso (\u201cCondizioni d\u2019uso\u201d) disciplinano l\u2019accesso e l\u2019utilizzo del sito web https:\/\/demo.ilpatriarca.it\/ e dei relativi sotto domini (di seguito complessivamente il \u201cSito\u201d) e l\u2019accesso a tutti i materiali e le informazioni di qualsiasi genere ivi pubblicati. Il Sito \u00e8 di propriet\u00e0 ed \u00e8 gestito da Veneto Immobiliare S.r.l., con sede legale in Via [&hellip;]<\/p>\n","protected":false},"author":2,"featured_media":0,"parent":0,"menu_order":102,"comment_status":"closed","ping_status":"closed","template":"","meta":{"_acf_changed":false,"footnotes":""},"page_category":[42],"class_list":["post-5293","page","type-page","status-publish","hentry","page_category-pagine-informative-en"],"acf":[],"yoast_head":"<!-- This site is optimized with the Yoast SEO plugin v26.0 - https:\/\/yoast.com\/wordpress\/plugins\/seo\/ -->\n<title>Condizioni d&#039;uso del sito - IL PATRIARCA - 4-stars Villa Hotel in Chiusi<\/title>\n<meta name=\"robots\" content=\"noindex, follow\" \/>\n<meta property=\"og:locale\" content=\"en_US\" \/>\n<meta property=\"og:type\" content=\"article\" \/>\n<meta property=\"og:title\" content=\"Condizioni d&#039;uso del sito - IL PATRIARCA - 4-stars Villa Hotel in Chiusi\" \/>\n<meta property=\"og:description\" content=\"Le presenti condizioni d\u2019uso (\u201cCondizioni d\u2019uso\u201d) disciplinano l\u2019accesso e l\u2019utilizzo del sito web https:\/\/demo.ilpatriarca.it\/ e dei relativi sotto domini (di seguito complessivamente il \u201cSito\u201d) e l\u2019accesso a tutti i materiali e le informazioni di qualsiasi genere ivi pubblicati. Il Sito \u00e8 di propriet\u00e0 ed \u00e8 gestito da Veneto Immobiliare S.r.l., con sede legale in Via [&hellip;]\" \/>\n<meta property=\"og:url\" content=\"https:\/\/www.ilpatriarca.it\/condizioni-duso-del-sito\/\" \/>\n<meta property=\"og:site_name\" content=\"IL PATRIARCA - 4-stars Villa Hotel in Chiusi\" \/>\n<meta property=\"article:publisher\" content=\"https:\/\/www.facebook.com\/villapatriarca\/\" \/>\n<meta name=\"twitter:card\" content=\"summary_large_image\" \/>\n<script type=\"application\/ld+json\" class=\"yoast-schema-graph\">{\"@context\":\"https:\/\/schema.org\",\"@graph\":[{\"@type\":\"WebPage\",\"@id\":\"https:\/\/www.ilpatriarca.it\/condizioni-duso-del-sito\/\",\"url\":\"https:\/\/www.ilpatriarca.it\/condizioni-duso-del-sito\/\",\"name\":\"Condizioni d'uso del sito - IL PATRIARCA - 4-stars Villa Hotel in Chiusi\",\"isPartOf\":{\"@id\":\"https:\/\/www.ilpatriarca.it\/#website\"},\"datePublished\":\"2024-01-02T08:39:49+00:00\",\"breadcrumb\":{\"@id\":\"https:\/\/www.ilpatriarca.it\/condizioni-duso-del-sito\/#breadcrumb\"},\"inLanguage\":\"en-US\",\"potentialAction\":[{\"@type\":\"ReadAction\",\"target\":[\"https:\/\/www.ilpatriarca.it\/condizioni-duso-del-sito\/\"]}]},{\"@type\":\"BreadcrumbList\",\"@id\":\"https:\/\/www.ilpatriarca.it\/condizioni-duso-del-sito\/#breadcrumb\",\"itemListElement\":[{\"@type\":\"ListItem\",\"position\":1,\"name\":\"Home\",\"item\":\"https:\/\/www.ilpatriarca.it\/\"},{\"@type\":\"ListItem\",\"position\":2,\"name\":\"Condizioni d&#8217;uso del sito\"}]},{\"@type\":\"WebSite\",\"@id\":\"https:\/\/www.ilpatriarca.it\/#website\",\"url\":\"https:\/\/www.ilpatriarca.it\/\",\"name\":\"IL PATRIARCA Hotel Villa 4 stelle\",\"description\":\"Tuscany, relaxation & flavours\",\"publisher\":{\"@id\":\"https:\/\/www.ilpatriarca.it\/#organization\"},\"potentialAction\":[{\"@type\":\"SearchAction\",\"target\":{\"@type\":\"EntryPoint\",\"urlTemplate\":\"https:\/\/www.ilpatriarca.it\/?s={search_term_string}\"},\"query-input\":{\"@type\":\"PropertyValueSpecification\",\"valueRequired\":true,\"valueName\":\"search_term_string\"}}],\"inLanguage\":\"en-US\"},{\"@type\":\"Organization\",\"@id\":\"https:\/\/www.ilpatriarca.it\/#organization\",\"name\":\"IL PATRIARCA Hotel Villa 4 stelle\",\"url\":\"https:\/\/www.ilpatriarca.it\/\",\"logo\":{\"@type\":\"ImageObject\",\"inLanguage\":\"en-US\",\"@id\":\"https:\/\/www.ilpatriarca.it\/#\/schema\/logo\/image\/\",\"url\":\"https:\/\/www.ilpatriarca.it\/wp-content\/uploads\/2023\/11\/logo-il-patriarca.png\",\"contentUrl\":\"https:\/\/www.ilpatriarca.it\/wp-content\/uploads\/2023\/11\/logo-il-patriarca.png\",\"width\":1012,\"height\":575,\"caption\":\"IL PATRIARCA Hotel Villa 4 stelle\"},\"image\":{\"@id\":\"https:\/\/www.ilpatriarca.it\/#\/schema\/logo\/image\/\"},\"sameAs\":[\"https:\/\/www.facebook.com\/villapatriarca\/\",\"https:\/\/www.tripadvisor.it\/Hotel_Review-g194739-d278558-Reviews-Il_Patriarca-Chiusi_Tuscany.html\",\"https:\/\/www.youtube.com\/channel\/UCnFZCF3AMRbtfXhYyOq-qOw\",\"https:\/\/www.instagram.com\/ilpatriarca\/\"]}]}<\/script>\n<!-- \/ Yoast SEO plugin. -->","yoast_head_json":{"title":"Condizioni d'uso del sito - IL PATRIARCA - 4-stars Villa Hotel in Chiusi","robots":{"index":"noindex","follow":"follow"},"og_locale":"en_US","og_type":"article","og_title":"Condizioni d'uso del sito - IL PATRIARCA - 4-stars Villa Hotel in Chiusi","og_description":"Le presenti condizioni d\u2019uso (\u201cCondizioni d\u2019uso\u201d) disciplinano l\u2019accesso e l\u2019utilizzo del sito web https:\/\/demo.ilpatriarca.it\/ e dei relativi sotto domini (di seguito complessivamente il \u201cSito\u201d) e l\u2019accesso a tutti i materiali e le informazioni di qualsiasi genere ivi pubblicati. Il Sito \u00e8 di propriet\u00e0 ed \u00e8 gestito da Veneto Immobiliare S.r.l., con sede legale in Via [&hellip;]","og_url":"https:\/\/www.ilpatriarca.it\/condizioni-duso-del-sito\/","og_site_name":"IL PATRIARCA - 4-stars Villa Hotel in Chiusi","article_publisher":"https:\/\/www.facebook.com\/villapatriarca\/","twitter_card":"summary_large_image","schema":{"@context":"https:\/\/schema.org","@graph":[{"@type":"WebPage","@id":"https:\/\/www.ilpatriarca.it\/condizioni-duso-del-sito\/","url":"https:\/\/www.ilpatriarca.it\/condizioni-duso-del-sito\/","name":"Condizioni d'uso del sito - IL PATRIARCA - 4-stars Villa Hotel in Chiusi","isPartOf":{"@id":"https:\/\/www.ilpatriarca.it\/#website"},"datePublished":"2024-01-02T08:39:49+00:00","breadcrumb":{"@id":"https:\/\/www.ilpatriarca.it\/condizioni-duso-del-sito\/#breadcrumb"},"inLanguage":"en-US","potentialAction":[{"@type":"ReadAction","target":["https:\/\/www.ilpatriarca.it\/condizioni-duso-del-sito\/"]}]},{"@type":"BreadcrumbList","@id":"https:\/\/www.ilpatriarca.it\/condizioni-duso-del-sito\/#breadcrumb","itemListElement":[{"@type":"ListItem","position":1,"name":"Home","item":"https:\/\/www.ilpatriarca.it\/"},{"@type":"ListItem","position":2,"name":"Condizioni d&#8217;uso del sito"}]},{"@type":"WebSite","@id":"https:\/\/www.ilpatriarca.it\/#website","url":"https:\/\/www.ilpatriarca.it\/","name":"IL PATRIARCA Hotel Villa 4 stelle","description":"Tuscany, relaxation & flavours","publisher":{"@id":"https:\/\/www.ilpatriarca.it\/#organization"},"potentialAction":[{"@type":"SearchAction","target":{"@type":"EntryPoint","urlTemplate":"https:\/\/www.ilpatriarca.it\/?s={search_term_string}"},"query-input":{"@type":"PropertyValueSpecification","valueRequired":true,"valueName":"search_term_string"}}],"inLanguage":"en-US"},{"@type":"Organization","@id":"https:\/\/www.ilpatriarca.it\/#organization","name":"IL PATRIARCA Hotel Villa 4 stelle","url":"https:\/\/www.ilpatriarca.it\/","logo":{"@type":"ImageObject","inLanguage":"en-US","@id":"https:\/\/www.ilpatriarca.it\/#\/schema\/logo\/image\/","url":"https:\/\/www.ilpatriarca.it\/wp-content\/uploads\/2023\/11\/logo-il-patriarca.png","contentUrl":"https:\/\/www.ilpatriarca.it\/wp-content\/uploads\/2023\/11\/logo-il-patriarca.png","width":1012,"height":575,"caption":"IL PATRIARCA Hotel Villa 4 stelle"},"image":{"@id":"https:\/\/www.ilpatriarca.it\/#\/schema\/logo\/image\/"},"sameAs":["https:\/\/www.facebook.com\/villapatriarca\/","https:\/\/www.tripadvisor.it\/Hotel_Review-g194739-d278558-Reviews-Il_Patriarca-Chiusi_Tuscany.html","https:\/\/www.youtube.com\/channel\/UCnFZCF3AMRbtfXhYyOq-qOw","https:\/\/www.instagram.com\/ilpatriarca\/"]}]}},"_links":{"self":[{"href":"https:\/\/www.ilpatriarca.it\/en\/wp-json\/wp\/v2\/pages\/5293","targetHints":{"allow":["GET"]}}],"collection":[{"href":"https:\/\/www.ilpatriarca.it\/en\/wp-json\/wp\/v2\/pages"}],"about":[{"href":"https:\/\/www.ilpatriarca.it\/en\/wp-json\/wp\/v2\/types\/page"}],"author":[{"embeddable":true,"href":"https:\/\/www.ilpatriarca.it\/en\/wp-json\/wp\/v2\/users\/2"}],"replies":[{"embeddable":true,"href":"https:\/\/www.ilpatriarca.it\/en\/wp-json\/wp\/v2\/comments?post=5293"}],"version-history":[{"count":0,"href":"https:\/\/www.ilpatriarca.it\/en\/wp-json\/wp\/v2\/pages\/5293\/revisions"}],"wp:attachment":[{"href":"https:\/\/www.ilpatriarca.it\/en\/wp-json\/wp\/v2\/media?parent=5293"}],"wp:term":[{"taxonomy":"page_category","embeddable":true,"href":"https:\/\/www.ilpatriarca.it\/en\/wp-json\/wp\/v2\/page_category?post=5293"}],"curies":[{"name":"wp","href":"https:\/\/api.w.org\/{rel}","templated":true}]}}