{"id":2678,"date":"2023-11-17T11:58:31","date_gmt":"2023-11-17T10:58:31","guid":{"rendered":"https:\/\/patriarca.attivamultimedia.com\/privacy-policy\/"},"modified":"2025-08-04T11:29:39","modified_gmt":"2025-08-04T09:29:39","slug":"privacy-policy","status":"publish","type":"page","link":"https:\/\/www.ilpatriarca.it\/en\/privacy-policy\/","title":{"rendered":"Privacy Policy"},"content":{"rendered":"\r\n<p><strong>INFORMAZIONI SUL TRATTAMENTO DEI\u00a0<\/strong><strong>DATI PERSONALI DEGLI UTENTI DEL SITO\u00a0<\/strong><strong>WEB WWW.ILPATRIARCA.IT<\/strong><\/p>\r\n<p>(art. 13 Reg. UE 2016\/679)<\/p>\r\n<p>&nbsp;<\/p>\r\n<p>Titolare del trattamento\u00a0e dati di contatto:<\/p>\r\n<p><strong>VENETO IMMOBILIARE S.R.L.<\/strong><\/p>\r\n<p>Sede legale: Via Colombara n. 113, 30176 Venezia-Marghera (VE) |<\/p>\r\n<p>C.F. 03276470279 | P.IVA 04681350270<\/p>\r\n<p>Pec: <a href=\"mailto:venimm@legalmail.it\">venimm@legalmail.it<\/a><\/p>\r\n<p>&nbsp;<\/p>\r\n<p>Di seguito forniamo le informazioni, rese ai sensi e per gli effetti dell\u2019art. 13 del Regolamento UE 2016\/679 (\u201cGDPR\u201d), su come trattiamo i dati personali degli utenti che visitano e navigano sul nostro sito <a href=\"http:\/\/www.ilpatriarca.it\">www.ilpatriarca.it<\/a> e i relativi sotto-domini (il \u201cSito\u201d).<\/p>\r\n<p>La presente informativa \u00e8 resa soltanto per il Sito sopra menzionato e non anche per altri siti web eventualmente consultati dall\u2019utente tramite appositi link presenti sul Sito, n\u00e9 per eventuali informazioni raccolte attraverso ulteriori canali.<\/p>\r\n<p>&nbsp;<\/p>\r\n<p>&nbsp;<\/p>\r\n<h4 class=\"wp-block-heading\"><strong>WHICH DATA WE PROCESS<\/strong><\/h4>\r\n<p>Potremo raccogliere, esclusivamente per le finalit\u00e0 di seguito specificate, alcuni dati personali degli utenti, quali:<\/p>\r\n<p><u>Dati di navigazione e cookie<\/u><\/p>\r\n<p>Il sistema informatico sottostante al funzionamento del Sito, durante la navigazione, raccoglie automaticamente alcune informazioni tecniche riferibili agli utenti, quali ad esempio indirizzi IP, nomi a dominio, gli indirizzi URI (Uniform Resource Identifier).<\/p>\r\n<p>Sul Sito, inoltre, utilizziamo i cookie, piccoli file di testo che vengono memorizzati sul dispositivo dell\u2019utente e che consentono di rendere la navigazione sul Sito pi\u00f9 semplice. Per maggiori informazioni, sui cookie utilizzati e sulle modalit\u00e0 del loro utilizzo, rinviamo alla Cookie Policy del Sito (<a href=\"https:\/\/demo.ilpatriarca.it\/cookies-policy\/\">https:\/\/www.ilpatriarca.it\/cookies-policy\/<\/a>), che costituisce parte integrante della presente Informativa.<\/p>\r\n<p><u>Dati forniti volontariamente dall\u2019utente<\/u><\/p>\r\n<p>Si tratta dei dati personali (es. dati anagrafici, dati di contatto, dati relativi alle richieste di informazioni per eventuali prenotazione) comunicati dall\u2019utente tramite il Sito per accedere a determinati servizi ovvero per inoltrare richieste a mezzo di posta elettronica o altri canali di comunicazione (es. form di contatto presenti sul Sito).<\/p>\r\n<p>Tratteremo i dati personali degli utenti mediante il nostro personale, con modalit\u00e0 informatiche, nel rispetto della vigente normativa sulla protezione dei dati personali, e in particolare dei principi di correttezza, liceit\u00e0, pertinenza, trasparenza e riservatezza.<\/p>\r\n<p>&nbsp;<\/p>\r\n<h4><strong>PURPOSE AND LEGAL BASIS OF PROCESSING<\/strong><\/h4>\r\n<p>Tratteremo i dati degli utenti per le seguenti finalit\u00e0:<\/p>\r\n<p>&#8211; per consentire l\u2019accesso, la navigazione del Sito e l\u2019utilizzo dei nostri servizi, nel rispetto delle Condizioni d\u2019uso del sito accettate dall\u2019utente al momento della navigazione;<\/p>\r\n<p>&#8211; per rispondere alle richieste pervenute dall\u2019utente tramite email o tramite gli appositi canali (es. form di contatto), in base al consenso dell\u2019utente stesso prestato al momento dell\u2019invio della richiesta.<\/p>\r\n<p>Tali dati, inoltre, potranno essere utilizzati, in base ad un nostro legittimo interesse, al fine di verificare il corretto funzionamento e monitorare la sicurezza del Sito e procedere all\u2019accertamento di responsabilit\u00e0 in caso di danneggiamento o di eventuali attivit\u00e0 illecite, o, ove previsto, in base allo specifico consenso dell\u2019utente (es. per alcune tipologie di cookie, come meglio specificato nella Cookie Policy del Sito).<\/p>\r\n<p>Il conferimento dei dati per le predette \ufb01nalit\u00e0 \u00e8 facoltativo ed il mancato conferimento potrebbe comportare l\u2019impossibilit\u00e0 per l\u2019utente di accedere e\/o navigare sul Sito e\/o di ricevere risposta alle richieste effettuate.<\/p>\r\n<p>&nbsp;<\/p>\r\n<h4><strong>WHICH THIRD PARTIES WE TRANSMIT DATA TO<\/strong><\/h4>\r\n<p>Per conseguire le finalit\u00e0 sopra riportate, potremo trasmettere i dati degli utenti a queste categorie di destinatari, che potranno agire in qualit\u00e0 di autonomi titolari del trattamento o di responsabili del trattamento:<\/p>\r\n<ul>\r\n<li>fornitori di servizi (in particolare, che si occupano di servizi informatici, di gestione e manutenzione del sito web, di analisi dei dati web, di pubblicit\u00e0 e social media);<\/li>\r\n<li>consulenti, a cui ci appoggiamo per erogare i nostri servizi,<\/li>\r\n<li>pubbliche autorit\u00e0, previa specifica richiesta.<\/li>\r\n<\/ul>\r\n<p>&nbsp;<\/p>\r\n<p>I dati personali saranno trattati dal Titolare del trattamento all\u2019interno del territorio dell\u2019Unione Europea. Nel caso in cui, nell\u2019ambito dell\u2019erogazione dei servizi, i dati dovessero essere trasmessi al di fuori dell\u2019Unione Europea (es. verso servizi gestiti in cloud), il trasferimento avverr\u00e0 nel rispetto degli articoli 44 e seguenti del GDPR (es. trasferimento verso Paesi che adottano un livello di protezione dei dati analogo a quello europeo, stipula delle clausole contrattuali tipo adottate dalla Commissione Europea).<\/p>\r\n<p>I dati personali degli utenti del Sito non verranno diffusi.<\/p>\r\n<p>&nbsp;<\/p>\r\n<h4><strong>HOW LONG WE KEEP DATA<\/strong><\/h4>\r\n<p>Conserveremo i dati degli utenti per il tempo necessario per il raggiungimento delle \ufb01nalit\u00e0 sopra riportate:<\/p>\r\n<ul>\r\n<li>per il tempo relativo alla navigazione del Sito (per quanto concerne i cookie, si rinvia alla Cookie Policy),<\/li>\r\n<li>per il tempo necessario ad evadere le richieste di informazioni,<\/li>\r\n<li>per il tempo necessario ad accertare malfunzionamenti del Sito o eventuali responsabilit\u00e0.<\/li>\r\n<\/ul>\r\n<p>In ogni caso, \u00e8 fatta salva la necessit\u00e0 di conservare i dati per periodi pi\u00f9 lunghi per adempiere ad obblighi di legge, ad ordini di un\u2019Autorit\u00e0, o per la tutela di diritti del Titolare del trattamento e\/o di terzi.<\/p>\r\n<p>&nbsp;<\/p>\r\n<h4><strong>WHAT ARE THE RIGHTS OF DATA SUBJECTS<\/strong><\/h4>\r\n<p>Gli utenti del Sito possono esercitare, in qualit\u00e0 di soggetti interessati, i seguenti diritti riconosciuti dalla normativa scrivendo all\u2019indirizzo pec <a href=\"mailto:venimm@legalmail.it\">venimm@legalmail.it<\/a>.<\/p>\r\n<p><em>Diritto di accesso<\/em>: \u00e8 il diritto di ottenere la conferma che sia in corso un trattamento di dati personali che li riguardano, e, in caso di riscontro positivo, di ottenere copia dei dati personali trattati e le seguenti informazioni: le finalit\u00e0 del trattamento, le categorie dei dati trattati, i destinatari dei dati, il periodo di conservazione dei dati, l\u2019origine dei dati, i diritti previsti dal GDPR, l\u2019esistenza di un processo decisionale automatizzato;<\/p>\r\n<p><em>Diritto di rettifica<\/em>: \u00e8 il diritto di ottenere la rettifica o l\u2019aggiornamento dei dati personali che li riguardano;<\/p>\r\n<p><em>Diritto di cancellazione<\/em>: \u00e8 il diritto di ottenere la cancellazione dei dati personali che li riguardano;<\/p>\r\n<p><em>Diritto di limitazione del trattamento<\/em>: \u00e8 il diritto di ottenere la limitazione del trattamento dei dati personali, in uno dei seguenti casi: i) l\u2019interessato ha contestato l\u2019esattezza dei dati personali; ii) il trattamento \u00e8 illecito, e l\u2019interessato ha richiesto la limitazione del loro utilizzo; iii) i dati personali sono necessari all\u2019interessato per accertare, esercitare o difendere un diritto;<\/p>\r\n<p><em>Diritto di opposizione<\/em>: \u00e8 il diritto di opporsi al trattamento dei dati personali che li riguardano;<\/p>\r\n<p><em>Diritto di revocare il consenso<\/em>: \u00e8 il diritto a revocare in ogni momento il consenso prestato, in relazione ai trattamenti che si fondano sullo stesso, senza che ci\u00f2 pregiudichi la liceit\u00e0 del trattamento basato sul consenso prestato prima della revoca;<\/p>\r\n<p><em>Diritto alla portabilit\u00e0<\/em>: \u00e8 il diritto di ricevere i dati personali in un formato strutturato, di uso comune e leggibile da un dispositivo automatico, e di richiederne la trasmissione a un altro destinatario.<\/p>\r\n<p>&nbsp;<\/p>\r\n<p>Daremo riscontro alle richieste senza ritardo e, comunque, non oltre un mese dal ricevimento della richiesta stessa.<\/p>\r\n<p>Qualora, inoltre, gli interessati ritengano che i loro dati siano trattati in violazione del GDPR, hanno il <em>diritto di proporre un reclamo a un\u2019autorit\u00e0 di controllo<\/em> competente in materia di protezione dei dati personali.<\/p>\r\n<p>&nbsp;<\/p>\r\n<p><u>La versione della informativa pubblicata su questo sito web \u00e8 quella attualmente in vigore.<\/u><\/p>\r\n<p><u>Il Titolare del trattamento si riserva il diritto di apportare modi\ufb01che e\/o aggiornamenti alla presente informativa.<\/u><\/p>\r\n<p>&nbsp;<\/p>\r\n<p>&nbsp;<\/p>\r\n<p>Ultimo aggiornamento: Gennaio 2024<\/p>\r\n<p>&nbsp;<\/p>\r\n","protected":false},"excerpt":{"rendered":"<p>INFORMAZIONI SUL TRATTAMENTO DEI\u00a0DATI PERSONALI DEGLI UTENTI DEL SITO\u00a0WEB WWW.ILPATRIARCA.IT (art. 13 Reg. UE 2016\/679) &nbsp; Titolare del trattamento\u00a0e dati di contatto: VENETO IMMOBILIARE S.R.L. Sede legale: Via Colombara n. 113, 30176 Venezia-Marghera (VE) | C.F. 03276470279 | P.IVA 04681350270 Pec: venimm@legalmail.it &nbsp; Di seguito forniamo le informazioni, rese ai sensi e per gli effetti [&hellip;]<\/p>\n","protected":false},"author":1,"featured_media":0,"parent":0,"menu_order":100,"comment_status":"closed","ping_status":"closed","template":"","meta":{"_acf_changed":false,"footnotes":""},"page_category":[42],"class_list":["post-2678","page","type-page","status-publish","hentry","page_category-pagine-informative-en"],"acf":[],"yoast_head":"<!-- This site is optimized with the Yoast SEO plugin v26.0 - https:\/\/yoast.com\/wordpress\/plugins\/seo\/ -->\n<title>Privacy Policy - IL PATRIARCA - 4-stars Villa Hotel in Chiusi<\/title>\n<meta name=\"robots\" content=\"noindex, follow\" \/>\n<meta property=\"og:locale\" content=\"en_US\" \/>\n<meta property=\"og:type\" content=\"article\" \/>\n<meta property=\"og:title\" content=\"Privacy Policy - IL PATRIARCA - 4-stars Villa Hotel in Chiusi\" \/>\n<meta property=\"og:description\" content=\"INFORMAZIONI SUL TRATTAMENTO DEI\u00a0DATI PERSONALI DEGLI UTENTI DEL SITO\u00a0WEB WWW.ILPATRIARCA.IT (art. 13 Reg. UE 2016\/679) &nbsp; Titolare del trattamento\u00a0e dati di contatto: VENETO IMMOBILIARE S.R.L. Sede legale: Via Colombara n. 113, 30176 Venezia-Marghera (VE) | C.F. 03276470279 | P.IVA 04681350270 Pec: venimm@legalmail.it &nbsp; Di seguito forniamo le informazioni, rese ai sensi e per gli effetti [&hellip;]\" \/>\n<meta property=\"og:url\" content=\"https:\/\/www.ilpatriarca.it\/en\/privacy-policy\/\" \/>\n<meta property=\"og:site_name\" content=\"IL PATRIARCA - 4-stars Villa Hotel in Chiusi\" \/>\n<meta property=\"article:publisher\" content=\"https:\/\/www.facebook.com\/villapatriarca\/\" \/>\n<meta property=\"article:modified_time\" content=\"2025-08-04T09:29:39+00:00\" \/>\n<meta name=\"twitter:card\" content=\"summary_large_image\" \/>\n<script type=\"application\/ld+json\" class=\"yoast-schema-graph\">{\"@context\":\"https:\/\/schema.org\",\"@graph\":[{\"@type\":\"WebPage\",\"@id\":\"https:\/\/www.ilpatriarca.it\/en\/privacy-policy\/\",\"url\":\"https:\/\/www.ilpatriarca.it\/en\/privacy-policy\/\",\"name\":\"Privacy Policy - IL PATRIARCA - 4-stars Villa Hotel in Chiusi\",\"isPartOf\":{\"@id\":\"https:\/\/www.ilpatriarca.it\/#website\"},\"datePublished\":\"2023-11-17T10:58:31+00:00\",\"dateModified\":\"2025-08-04T09:29:39+00:00\",\"breadcrumb\":{\"@id\":\"https:\/\/www.ilpatriarca.it\/en\/privacy-policy\/#breadcrumb\"},\"inLanguage\":\"en-US\",\"potentialAction\":[{\"@type\":\"ReadAction\",\"target\":[\"https:\/\/www.ilpatriarca.it\/en\/privacy-policy\/\"]}]},{\"@type\":\"BreadcrumbList\",\"@id\":\"https:\/\/www.ilpatriarca.it\/en\/privacy-policy\/#breadcrumb\",\"itemListElement\":[{\"@type\":\"ListItem\",\"position\":1,\"name\":\"Home\",\"item\":\"https:\/\/www.ilpatriarca.it\/\"},{\"@type\":\"ListItem\",\"position\":2,\"name\":\"Privacy Policy\"}]},{\"@type\":\"WebSite\",\"@id\":\"https:\/\/www.ilpatriarca.it\/#website\",\"url\":\"https:\/\/www.ilpatriarca.it\/\",\"name\":\"IL PATRIARCA Hotel Villa 4 stelle\",\"description\":\"Tuscany, relaxation & flavours\",\"publisher\":{\"@id\":\"https:\/\/www.ilpatriarca.it\/#organization\"},\"potentialAction\":[{\"@type\":\"SearchAction\",\"target\":{\"@type\":\"EntryPoint\",\"urlTemplate\":\"https:\/\/www.ilpatriarca.it\/?s={search_term_string}\"},\"query-input\":{\"@type\":\"PropertyValueSpecification\",\"valueRequired\":true,\"valueName\":\"search_term_string\"}}],\"inLanguage\":\"en-US\"},{\"@type\":\"Organization\",\"@id\":\"https:\/\/www.ilpatriarca.it\/#organization\",\"name\":\"IL PATRIARCA Hotel Villa 4 stelle\",\"url\":\"https:\/\/www.ilpatriarca.it\/\",\"logo\":{\"@type\":\"ImageObject\",\"inLanguage\":\"en-US\",\"@id\":\"https:\/\/www.ilpatriarca.it\/#\/schema\/logo\/image\/\",\"url\":\"https:\/\/www.ilpatriarca.it\/wp-content\/uploads\/2023\/11\/logo-il-patriarca.png\",\"contentUrl\":\"https:\/\/www.ilpatriarca.it\/wp-content\/uploads\/2023\/11\/logo-il-patriarca.png\",\"width\":1012,\"height\":575,\"caption\":\"IL PATRIARCA Hotel Villa 4 stelle\"},\"image\":{\"@id\":\"https:\/\/www.ilpatriarca.it\/#\/schema\/logo\/image\/\"},\"sameAs\":[\"https:\/\/www.facebook.com\/villapatriarca\/\",\"https:\/\/www.tripadvisor.it\/Hotel_Review-g194739-d278558-Reviews-Il_Patriarca-Chiusi_Tuscany.html\",\"https:\/\/www.youtube.com\/channel\/UCnFZCF3AMRbtfXhYyOq-qOw\",\"https:\/\/www.instagram.com\/ilpatriarca\/\"]}]}<\/script>\n<!-- \/ Yoast SEO plugin. -->","yoast_head_json":{"title":"Privacy Policy - IL PATRIARCA - 4-stars Villa Hotel in Chiusi","robots":{"index":"noindex","follow":"follow"},"og_locale":"en_US","og_type":"article","og_title":"Privacy Policy - IL PATRIARCA - 4-stars Villa Hotel in Chiusi","og_description":"INFORMAZIONI SUL TRATTAMENTO DEI\u00a0DATI PERSONALI DEGLI UTENTI DEL SITO\u00a0WEB WWW.ILPATRIARCA.IT (art. 13 Reg. UE 2016\/679) &nbsp; Titolare del trattamento\u00a0e dati di contatto: VENETO IMMOBILIARE S.R.L. Sede legale: Via Colombara n. 113, 30176 Venezia-Marghera (VE) | C.F. 03276470279 | P.IVA 04681350270 Pec: venimm@legalmail.it &nbsp; Di seguito forniamo le informazioni, rese ai sensi e per gli effetti [&hellip;]","og_url":"https:\/\/www.ilpatriarca.it\/en\/privacy-policy\/","og_site_name":"IL PATRIARCA - 4-stars Villa Hotel in Chiusi","article_publisher":"https:\/\/www.facebook.com\/villapatriarca\/","article_modified_time":"2025-08-04T09:29:39+00:00","twitter_card":"summary_large_image","schema":{"@context":"https:\/\/schema.org","@graph":[{"@type":"WebPage","@id":"https:\/\/www.ilpatriarca.it\/en\/privacy-policy\/","url":"https:\/\/www.ilpatriarca.it\/en\/privacy-policy\/","name":"Privacy Policy - IL PATRIARCA - 4-stars Villa Hotel in Chiusi","isPartOf":{"@id":"https:\/\/www.ilpatriarca.it\/#website"},"datePublished":"2023-11-17T10:58:31+00:00","dateModified":"2025-08-04T09:29:39+00:00","breadcrumb":{"@id":"https:\/\/www.ilpatriarca.it\/en\/privacy-policy\/#breadcrumb"},"inLanguage":"en-US","potentialAction":[{"@type":"ReadAction","target":["https:\/\/www.ilpatriarca.it\/en\/privacy-policy\/"]}]},{"@type":"BreadcrumbList","@id":"https:\/\/www.ilpatriarca.it\/en\/privacy-policy\/#breadcrumb","itemListElement":[{"@type":"ListItem","position":1,"name":"Home","item":"https:\/\/www.ilpatriarca.it\/"},{"@type":"ListItem","position":2,"name":"Privacy Policy"}]},{"@type":"WebSite","@id":"https:\/\/www.ilpatriarca.it\/#website","url":"https:\/\/www.ilpatriarca.it\/","name":"IL PATRIARCA Hotel Villa 4 stelle","description":"Tuscany, relaxation & flavours","publisher":{"@id":"https:\/\/www.ilpatriarca.it\/#organization"},"potentialAction":[{"@type":"SearchAction","target":{"@type":"EntryPoint","urlTemplate":"https:\/\/www.ilpatriarca.it\/?s={search_term_string}"},"query-input":{"@type":"PropertyValueSpecification","valueRequired":true,"valueName":"search_term_string"}}],"inLanguage":"en-US"},{"@type":"Organization","@id":"https:\/\/www.ilpatriarca.it\/#organization","name":"IL PATRIARCA Hotel Villa 4 stelle","url":"https:\/\/www.ilpatriarca.it\/","logo":{"@type":"ImageObject","inLanguage":"en-US","@id":"https:\/\/www.ilpatriarca.it\/#\/schema\/logo\/image\/","url":"https:\/\/www.ilpatriarca.it\/wp-content\/uploads\/2023\/11\/logo-il-patriarca.png","contentUrl":"https:\/\/www.ilpatriarca.it\/wp-content\/uploads\/2023\/11\/logo-il-patriarca.png","width":1012,"height":575,"caption":"IL PATRIARCA Hotel Villa 4 stelle"},"image":{"@id":"https:\/\/www.ilpatriarca.it\/#\/schema\/logo\/image\/"},"sameAs":["https:\/\/www.facebook.com\/villapatriarca\/","https:\/\/www.tripadvisor.it\/Hotel_Review-g194739-d278558-Reviews-Il_Patriarca-Chiusi_Tuscany.html","https:\/\/www.youtube.com\/channel\/UCnFZCF3AMRbtfXhYyOq-qOw","https:\/\/www.instagram.com\/ilpatriarca\/"]}]}},"_links":{"self":[{"href":"https:\/\/www.ilpatriarca.it\/en\/wp-json\/wp\/v2\/pages\/2678","targetHints":{"allow":["GET"]}}],"collection":[{"href":"https:\/\/www.ilpatriarca.it\/en\/wp-json\/wp\/v2\/pages"}],"about":[{"href":"https:\/\/www.ilpatriarca.it\/en\/wp-json\/wp\/v2\/types\/page"}],"author":[{"embeddable":true,"href":"https:\/\/www.ilpatriarca.it\/en\/wp-json\/wp\/v2\/users\/1"}],"replies":[{"embeddable":true,"href":"https:\/\/www.ilpatriarca.it\/en\/wp-json\/wp\/v2\/comments?post=2678"}],"version-history":[{"count":4,"href":"https:\/\/www.ilpatriarca.it\/en\/wp-json\/wp\/v2\/pages\/2678\/revisions"}],"predecessor-version":[{"id":5743,"href":"https:\/\/www.ilpatriarca.it\/en\/wp-json\/wp\/v2\/pages\/2678\/revisions\/5743"}],"wp:attachment":[{"href":"https:\/\/www.ilpatriarca.it\/en\/wp-json\/wp\/v2\/media?parent=2678"}],"wp:term":[{"taxonomy":"page_category","embeddable":true,"href":"https:\/\/www.ilpatriarca.it\/en\/wp-json\/wp\/v2\/page_category?post=2678"}],"curies":[{"name":"wp","href":"https:\/\/api.w.org\/{rel}","templated":true}]}}